{"id":599,"date":"2020-02-27T15:00:52","date_gmt":"2020-02-27T15:00:52","guid":{"rendered":"http:\/\/www.albanischuebersetzung.com\/links\/"},"modified":"2020-04-10T17:42:49","modified_gmt":"2020-04-10T17:42:49","slug":"al-links","status":"publish","type":"page","link":"https:\/\/www.albanischuebersetzung.com\/sq\/al-links\/","title":{"rendered":"Lidhje me faqe t\u00eb tjera elektronike"},"content":{"rendered":"<p><div class=\"fusion-fullwidth fullwidth-box fusion-builder-row-1 nonhundred-percent-fullwidth non-hundred-percent-height-scrolling\" style=\"--awb-border-radius-top-left:0px;--awb-border-radius-top-right:0px;--awb-border-radius-bottom-right:0px;--awb-border-radius-bottom-left:0px;--awb-padding-top:30px;--awb-padding-bottom:30px;--awb-flex-wrap:wrap;\" ><div class=\"fusion-builder-row fusion-row\"><div class=\"fusion-layout-column fusion_builder_column fusion-builder-column-0 fusion_builder_column_1_1 1_1 fusion-one-full fusion-column-first fusion-column-last\" style=\"--awb-bg-size:cover;--awb-margin-bottom:0px;\"><div class=\"fusion-column-wrapper fusion-column-has-shadow fusion-flex-column-wrapper-legacy\"><div class=\"fusion-title title fusion-title-1 fusion-sep-none fusion-title-center fusion-title-text fusion-title-size-one\" style=\"--awb-margin-bottom:0px;\"><h1 class=\"fusion-title-heading title-heading-center fusion-responsive-typography-calculated\" style=\"margin:0;--fontSize:50;line-height:1.2;\">Lidhje me faqe t\u00eb tjera elektronike<\/h1><\/div><div class=\"fusion-sep-clear\"><\/div><div class=\"fusion-separator fusion-no-small-visibility\" style=\"margin-left: auto;margin-right: auto;margin-top:20px;margin-bottom:50px;width:100%;max-width:500px;\"><div class=\"fusion-separator-border sep-single sep-solid\" style=\"--awb-height:20px;--awb-amount:20px;--awb-sep-color:#ce1127;border-color:#ce1127;border-top-width:2px;\"><\/div><\/div><div class=\"fusion-sep-clear\"><\/div><div class=\"fusion-clearfix\"><\/div><\/div><\/div><\/div><\/div><div class=\"fusion-fullwidth fullwidth-box fusion-builder-row-2 nonhundred-percent-fullwidth non-hundred-percent-height-scrolling fusion-equal-height-columns\" style=\"--awb-border-radius-top-left:0px;--awb-border-radius-top-right:0px;--awb-border-radius-bottom-right:0px;--awb-border-radius-bottom-left:0px;--awb-padding-bottom:50px;--awb-flex-wrap:wrap;\" ><div class=\"fusion-builder-row fusion-row\"><div class=\"fusion-layout-column fusion_builder_column fusion-builder-column-1 fusion_builder_column_1_6 1_6 fusion-one-sixth fusion-column-first\" style=\"--awb-bg-size:cover;width:16.666666666667%;width:calc(16.666666666667% - ( ( 4% + 4% + 4% ) * 0.16666666666667 ) );margin-right: 4%;\"><div class=\"fusion-column-wrapper fusion-column-has-shadow fusion-flex-column-wrapper-legacy\"><div class=\"fusion-clearfix\"><\/div><\/div><\/div><div class=\"fusion-layout-column fusion_builder_column fusion-builder-column-2 fusion_builder_column_1_6 1_6 fusion-one-sixth\" style=\"--awb-padding-right:3%;--awb-padding-left:3%;--awb-bg-size:cover;width:16.666666666667%;width:calc(16.666666666667% - ( ( 4% + 4% + 4% ) * 0.16666666666667 ) );margin-right: 4%;\"><div class=\"fusion-column-wrapper fusion-column-has-shadow fusion-flex-column-wrapper-legacy\"><div class=\"fusion-column-content-centered\"><div class=\"fusion-column-content\"><\/div><\/div><div class=\"fusion-clearfix\"><\/div><\/div><\/div><div class=\"fusion-layout-column fusion_builder_column fusion-builder-column-3 fusion_builder_column_1_2 1_2 fusion-one-half\" style=\"--awb-bg-size:cover;width:50%;width:calc(50% - ( ( 4% + 4% + 4% ) * 0.5 ) );margin-right: 4%;\"><div class=\"fusion-column-wrapper fusion-column-has-shadow fusion-flex-column-wrapper-legacy\"><div class=\"fusion-column-content-centered\"><div class=\"fusion-column-content\"><div class=\"fusion-text fusion-text-1\"><p><strong>Dhoma Ekonomike e Austris\u00eb (WKO)<\/strong>:<\/p>\n<p><a href=\"https:\/\/www.wko.at\/\" target=\"_blank\" rel=\"noopener noreferrer\">www.wko.at<\/a><\/p>\n<p><strong>Dhoma Zviceriane e Tregtis\u00eb dhe e Industris\u00eb (SIHK):<\/strong><\/p>\n<p><a href=\"https:\/\/www.sihk.ch\/\" target=\"_blank\" rel=\"noopener noreferrer\">www.sihk.ch<\/a><\/p>\n<p><strong>Dhomat e Tregtis\u00eb dhe t\u00eb Industris\u00eb (IHK), Gjermani: \u00a0 \u00a0 \u00a0 \u00a0 \u00a0 \u00a0 \u00a0 \u00a0 \u00a0 \u00a0 \u00a0 \u00a0 \u00a0\u00a0<\/strong><\/p>\n<p><a href=\"https:\/\/www.ihk.de\/\" target=\"_blank\" rel=\"noopener noreferrer\">www.ihk.de<\/a><\/p>\n<p><b>Dhoma e Tregtis\u00eb dhe e Industris\u00eb Tiran\u00eb (CCIT): \u00a0 \u00a0 \u00a0 \u00a0 \u00a0 \u00a0 \u00a0 \u00a0 \u00a0 \u00a0 \u00a0 \u00a0 \u00a0<\/b><\/p>\n<p><a href=\"http:\/\/www.cci.al\" target=\"_blank\" rel=\"noopener noreferrer\"><b><\/b>www.cci.al<\/a><\/p>\n<p><strong>Oda Ekonomike Kosov\u00ebs (OEK): \u00a0\u00a0 \u00a0\u00a0 \u00a0\u00a0 \u00a0\u00a0 \u00a0\u00a0 \u00a0\u00a0 \u00a0\u00a0 \u00a0\u00a0 \u00a0\u00a0 \u00a0\u00a0 \u00a0\u00a0 \u00a0\u00a0 \u00a0\u00a0 \u00a0\u00a0<\/strong><\/p>\n<p><a href=\"http:\/\/www.oek-kcc.org\" target=\"_blank\" rel=\"noopener noreferrer\">www.oek-kcc.org<\/a><\/p>\n<p><strong>Dhoma Ekonomike e Maqedonis\u00eb:<\/strong><\/p>\n<p><a href=\"http:\/\/www.mchamber.org.mk\" target=\"_blank\" rel=\"noopener noreferrer\">www.mchamber.org.mk<\/a><\/p>\n<p><strong>Firmenweb Salzburg Webdesign\u00a0<\/strong><\/p>\n<p><a href=\"https:\/\/www.homepage-erstellen.cc\/\">www.firmen-web.at<\/a><\/p>\n<\/div><\/div><\/div><div class=\"fusion-clearfix\"><\/div><\/div><\/div><div class=\"fusion-layout-column fusion_builder_column fusion-builder-column-4 fusion_builder_column_1_6 1_6 fusion-one-sixth fusion-column-last\" style=\"--awb-bg-size:cover;width:16.666666666667%;width:calc(16.666666666667% - ( ( 4% + 4% + 4% ) * 0.16666666666667 ) );\"><div class=\"fusion-column-wrapper fusion-column-has-shadow fusion-flex-column-wrapper-legacy\"><div class=\"fusion-clearfix\"><\/div><\/div><\/div><\/div><\/div><div class=\"fusion-fullwidth fullwidth-box fusion-builder-row-3 nonhundred-percent-fullwidth non-hundred-percent-height-scrolling fusion-equal-height-columns\" style=\"--awb-border-radius-top-left:0px;--awb-border-radius-top-right:0px;--awb-border-radius-bottom-right:0px;--awb-border-radius-bottom-left:0px;--awb-padding-bottom:50px;--awb-flex-wrap:wrap;\" ><div class=\"fusion-builder-row fusion-row\"><div class=\"fusion-layout-column fusion_builder_column fusion-builder-column-5 fusion_builder_column_1_6 1_6 fusion-one-sixth fusion-column-first\" style=\"--awb-bg-size:cover;width:16.666666666667%;width:calc(16.666666666667% - ( ( 4% + 4% + 4% ) * 0.16666666666667 ) );margin-right: 4%;\"><div class=\"fusion-column-wrapper fusion-column-has-shadow fusion-flex-column-wrapper-legacy\"><div class=\"fusion-clearfix\"><\/div><\/div><\/div><div class=\"fusion-layout-column fusion_builder_column fusion-builder-column-6 fusion_builder_column_1_6 1_6 fusion-one-sixth\" style=\"--awb-padding-right:3%;--awb-padding-left:3%;--awb-bg-size:cover;width:16.666666666667%;width:calc(16.666666666667% - ( ( 4% + 4% + 4% ) * 0.16666666666667 ) );margin-right: 4%;\"><div class=\"fusion-column-wrapper fusion-column-has-shadow fusion-flex-column-wrapper-legacy\"><div class=\"fusion-column-content-centered\"><div class=\"fusion-column-content\"><\/div><\/div><div class=\"fusion-clearfix\"><\/div><\/div><\/div><div class=\"fusion-layout-column fusion_builder_column fusion-builder-column-7 fusion_builder_column_1_2 1_2 fusion-one-half\" style=\"--awb-bg-size:cover;width:50%;width:calc(50% - ( ( 4% + 4% + 4% ) * 0.5 ) );margin-right: 4%;\"><div class=\"fusion-column-wrapper fusion-column-has-shadow fusion-flex-column-wrapper-legacy\"><div class=\"fusion-column-content-centered\"><div class=\"fusion-column-content\"><div class=\"fusion-title title fusion-title-2 fusion-sep-none fusion-title-center fusion-title-text fusion-title-size-two\"><h2 class=\"fusion-title-heading title-heading-center fusion-responsive-typography-calculated\" style=\"margin:0;--fontSize:20;line-height:1.5;\"><\/h2><\/div><\/div><\/div><div class=\"fusion-clearfix\"><\/div><\/div><\/div><div class=\"fusion-layout-column fusion_builder_column fusion-builder-column-8 fusion_builder_column_1_6 1_6 fusion-one-sixth fusion-column-last\" style=\"--awb-bg-size:cover;width:16.666666666667%;width:calc(16.666666666667% - ( ( 4% + 4% + 4% ) * 0.16666666666667 ) );\"><div class=\"fusion-column-wrapper fusion-column-has-shadow fusion-flex-column-wrapper-legacy\"><div class=\"fusion-clearfix\"><\/div><\/div><\/div><\/div><\/div><\/p>\n","protected":false},"excerpt":{"rendered":"","protected":false},"author":1,"featured_media":0,"parent":0,"menu_order":0,"comment_status":"closed","ping_status":"closed","template":"","meta":{"footnotes":""},"class_list":["post-599","page","type-page","status-publish","hentry"],"yoast_head":"<!-- This site is optimized with the Yoast SEO plugin v24.4 - https:\/\/yoast.com\/wordpress\/plugins\/seo\/ -->\n<title>Lidhje me faqe elektronike t\u00eb institucioneve\/firmave gjermane e shqiptare.<\/title>\n<meta name=\"description\" content=\"Zyra e P\u00ebrkthimeve SCAMPA n\u00eb Salzburg: P\u00ebrkthyes \/ p\u00ebrkthime kompetente n\u00eb gjermanisht dhe shqip n\u00eb Austri, Zvic\u00ebr, Gjermani dhe n\u00eb mbar\u00eb rajonin shqiptar.\" \/>\n<meta name=\"robots\" content=\"index, follow, max-snippet:-1, max-image-preview:large, max-video-preview:-1\" \/>\n<link rel=\"canonical\" href=\"https:\/\/www.albanischuebersetzung.com\/links\/\" \/>\n<meta property=\"og:locale\" content=\"sq_AL\" \/>\n<meta property=\"og:type\" content=\"article\" \/>\n<meta property=\"og:title\" content=\"Lidhje me faqe elektronike t\u00eb institucioneve\/firmave gjermane e shqiptare.\" \/>\n<meta property=\"og:description\" content=\"Zyra e P\u00ebrkthimeve SCAMPA n\u00eb Salzburg: P\u00ebrkthyes \/ p\u00ebrkthime kompetente n\u00eb gjermanisht dhe shqip n\u00eb Austri, Zvic\u00ebr, Gjermani dhe n\u00eb mbar\u00eb rajonin shqiptar.\" \/>\n<meta property=\"og:url\" content=\"https:\/\/www.albanischuebersetzung.com\/links\/\" \/>\n<meta property=\"og:site_name\" content=\"\u00dcbersetzungsb\u00fcro Deutsch \u2013 Albanisch \u2013 Deutsch\" \/>\n<meta property=\"article:modified_time\" content=\"2020-04-10T17:42:49+00:00\" \/>\n<meta name=\"twitter:card\" content=\"summary_large_image\" \/>\n<meta name=\"twitter:label1\" content=\"Est. reading time\" \/>\n\t<meta name=\"twitter:data1\" content=\"13 minutes\" \/>\n<script type=\"application\/ld+json\" class=\"yoast-schema-graph\">{\"@context\":\"https:\/\/schema.org\",\"@graph\":[{\"@type\":\"WebPage\",\"@id\":\"https:\/\/www.albanischuebersetzung.com\/links\/\",\"url\":\"https:\/\/www.albanischuebersetzung.com\/links\/\",\"name\":\"Lidhje me faqe elektronike t\u00eb institucioneve\/firmave gjermane e shqiptare.\",\"isPartOf\":{\"@id\":\"https:\/\/www.albanischuebersetzung.com\/#website\"},\"datePublished\":\"2020-02-27T15:00:52+00:00\",\"dateModified\":\"2020-04-10T17:42:49+00:00\",\"description\":\"Zyra e P\u00ebrkthimeve SCAMPA n\u00eb Salzburg: P\u00ebrkthyes \/ p\u00ebrkthime kompetente n\u00eb gjermanisht dhe shqip n\u00eb Austri, Zvic\u00ebr, Gjermani dhe n\u00eb mbar\u00eb rajonin shqiptar.\",\"breadcrumb\":{\"@id\":\"https:\/\/www.albanischuebersetzung.com\/links\/#breadcrumb\"},\"inLanguage\":\"sq-AL\",\"potentialAction\":[{\"@type\":\"ReadAction\",\"target\":[\"https:\/\/www.albanischuebersetzung.com\/links\/\"]}]},{\"@type\":\"BreadcrumbList\",\"@id\":\"https:\/\/www.albanischuebersetzung.com\/links\/#breadcrumb\",\"itemListElement\":[{\"@type\":\"ListItem\",\"position\":1,\"name\":\"Startseite\",\"item\":\"https:\/\/www.albanischuebersetzung.com\/sq\/\"},{\"@type\":\"ListItem\",\"position\":2,\"name\":\"Lidhje me faqe t\u00eb tjera elektronike\"}]},{\"@type\":\"WebSite\",\"@id\":\"https:\/\/www.albanischuebersetzung.com\/#website\",\"url\":\"https:\/\/www.albanischuebersetzung.com\/\",\"name\":\"\u00dcbersetzungsb\u00fcro Deutsch \u2013 Albanisch \u2013 Deutsch\",\"description\":\"\u00dcbersetzungsb\u00fcro SCAMPA e.U.\",\"potentialAction\":[{\"@type\":\"SearchAction\",\"target\":{\"@type\":\"EntryPoint\",\"urlTemplate\":\"https:\/\/www.albanischuebersetzung.com\/?s={search_term_string}\"},\"query-input\":{\"@type\":\"PropertyValueSpecification\",\"valueRequired\":true,\"valueName\":\"search_term_string\"}}],\"inLanguage\":\"sq-AL\"}]}<\/script>\n<!-- \/ Yoast SEO plugin. -->","yoast_head_json":{"title":"Lidhje me faqe elektronike t\u00eb institucioneve\/firmave gjermane e shqiptare.","description":"Zyra e P\u00ebrkthimeve SCAMPA n\u00eb Salzburg: P\u00ebrkthyes \/ p\u00ebrkthime kompetente n\u00eb gjermanisht dhe shqip n\u00eb Austri, Zvic\u00ebr, Gjermani dhe n\u00eb mbar\u00eb rajonin shqiptar.","robots":{"index":"index","follow":"follow","max-snippet":"max-snippet:-1","max-image-preview":"max-image-preview:large","max-video-preview":"max-video-preview:-1"},"canonical":"https:\/\/www.albanischuebersetzung.com\/links\/","og_locale":"sq_AL","og_type":"article","og_title":"Lidhje me faqe elektronike t\u00eb institucioneve\/firmave gjermane e shqiptare.","og_description":"Zyra e P\u00ebrkthimeve SCAMPA n\u00eb Salzburg: P\u00ebrkthyes \/ p\u00ebrkthime kompetente n\u00eb gjermanisht dhe shqip n\u00eb Austri, Zvic\u00ebr, Gjermani dhe n\u00eb mbar\u00eb rajonin shqiptar.","og_url":"https:\/\/www.albanischuebersetzung.com\/links\/","og_site_name":"\u00dcbersetzungsb\u00fcro Deutsch \u2013 Albanisch \u2013 Deutsch","article_modified_time":"2020-04-10T17:42:49+00:00","twitter_card":"summary_large_image","twitter_misc":{"Est. reading time":"13 minutes"},"schema":{"@context":"https:\/\/schema.org","@graph":[{"@type":"WebPage","@id":"https:\/\/www.albanischuebersetzung.com\/links\/","url":"https:\/\/www.albanischuebersetzung.com\/links\/","name":"Lidhje me faqe elektronike t\u00eb institucioneve\/firmave gjermane e shqiptare.","isPartOf":{"@id":"https:\/\/www.albanischuebersetzung.com\/#website"},"datePublished":"2020-02-27T15:00:52+00:00","dateModified":"2020-04-10T17:42:49+00:00","description":"Zyra e P\u00ebrkthimeve SCAMPA n\u00eb Salzburg: P\u00ebrkthyes \/ p\u00ebrkthime kompetente n\u00eb gjermanisht dhe shqip n\u00eb Austri, Zvic\u00ebr, Gjermani dhe n\u00eb mbar\u00eb rajonin shqiptar.","breadcrumb":{"@id":"https:\/\/www.albanischuebersetzung.com\/links\/#breadcrumb"},"inLanguage":"sq-AL","potentialAction":[{"@type":"ReadAction","target":["https:\/\/www.albanischuebersetzung.com\/links\/"]}]},{"@type":"BreadcrumbList","@id":"https:\/\/www.albanischuebersetzung.com\/links\/#breadcrumb","itemListElement":[{"@type":"ListItem","position":1,"name":"Startseite","item":"https:\/\/www.albanischuebersetzung.com\/sq\/"},{"@type":"ListItem","position":2,"name":"Lidhje me faqe t\u00eb tjera elektronike"}]},{"@type":"WebSite","@id":"https:\/\/www.albanischuebersetzung.com\/#website","url":"https:\/\/www.albanischuebersetzung.com\/","name":"\u00dcbersetzungsb\u00fcro Deutsch \u2013 Albanisch \u2013 Deutsch","description":"\u00dcbersetzungsb\u00fcro SCAMPA e.U.","potentialAction":[{"@type":"SearchAction","target":{"@type":"EntryPoint","urlTemplate":"https:\/\/www.albanischuebersetzung.com\/?s={search_term_string}"},"query-input":{"@type":"PropertyValueSpecification","valueRequired":true,"valueName":"search_term_string"}}],"inLanguage":"sq-AL"}]}},"_links":{"self":[{"href":"https:\/\/www.albanischuebersetzung.com\/sq\/wp-json\/wp\/v2\/pages\/599","targetHints":{"allow":["GET"]}}],"collection":[{"href":"https:\/\/www.albanischuebersetzung.com\/sq\/wp-json\/wp\/v2\/pages"}],"about":[{"href":"https:\/\/www.albanischuebersetzung.com\/sq\/wp-json\/wp\/v2\/types\/page"}],"author":[{"embeddable":true,"href":"https:\/\/www.albanischuebersetzung.com\/sq\/wp-json\/wp\/v2\/users\/1"}],"replies":[{"embeddable":true,"href":"https:\/\/www.albanischuebersetzung.com\/sq\/wp-json\/wp\/v2\/comments?post=599"}],"version-history":[{"count":1,"href":"https:\/\/www.albanischuebersetzung.com\/sq\/wp-json\/wp\/v2\/pages\/599\/revisions"}],"predecessor-version":[{"id":1102,"href":"https:\/\/www.albanischuebersetzung.com\/sq\/wp-json\/wp\/v2\/pages\/599\/revisions\/1102"}],"wp:attachment":[{"href":"https:\/\/www.albanischuebersetzung.com\/sq\/wp-json\/wp\/v2\/media?parent=599"}],"curies":[{"name":"wp","href":"https:\/\/api.w.org\/{rel}","templated":true}]}}