{"id":604,"date":"2019-08-27T11:46:52","date_gmt":"2019-08-27T11:46:52","guid":{"rendered":"http:\/\/www.albanischuebersetzung.com\/datenschutzerklaerung\/"},"modified":"2022-08-18T20:23:25","modified_gmt":"2022-08-18T20:23:25","slug":"politika-e-privatesise","status":"publish","type":"page","link":"https:\/\/www.albanischuebersetzung.com\/sq\/politika-e-privatesise\/","title":{"rendered":"Politikat e Privat\u00ebsis\u00eb"},"content":{"rendered":"<p><div class=\"fusion-fullwidth fullwidth-box fusion-builder-row-1 nonhundred-percent-fullwidth non-hundred-percent-height-scrolling\" style=\"--awb-border-radius-top-left:0px;--awb-border-radius-top-right:0px;--awb-border-radius-bottom-right:0px;--awb-border-radius-bottom-left:0px;--awb-padding-top:30px;--awb-padding-bottom:30px;--awb-flex-wrap:wrap;\" ><div class=\"fusion-builder-row fusion-row\"><div class=\"fusion-layout-column fusion_builder_column fusion-builder-column-0 fusion_builder_column_1_1 1_1 fusion-one-full fusion-column-first fusion-column-last\" style=\"--awb-bg-size:cover;--awb-margin-bottom:0px;\"><div class=\"fusion-column-wrapper fusion-column-has-shadow fusion-flex-column-wrapper-legacy\"><div class=\"fusion-title title fusion-title-1 fusion-sep-none fusion-title-center fusion-title-text fusion-title-size-one\" style=\"--awb-margin-bottom:0px;\"><h1 class=\"fusion-title-heading title-heading-center fusion-responsive-typography-calculated\" style=\"margin:0;--fontSize:50;line-height:1.2;\">Politikat e Privat\u00ebsis\u00eb<\/h1><\/div><div class=\"fusion-sep-clear\"><\/div><div class=\"fusion-separator fusion-no-small-visibility\" style=\"margin-left: auto;margin-right: auto;margin-top:20px;margin-bottom:50px;width:100%;max-width:500px;\"><div class=\"fusion-separator-border sep-single sep-solid\" style=\"--awb-height:20px;--awb-amount:20px;--awb-sep-color:#ce1127;border-color:#ce1127;border-top-width:2px;\"><\/div><\/div><div class=\"fusion-sep-clear\"><\/div><div class=\"fusion-clearfix\"><\/div><\/div><\/div><\/div><\/div><div class=\"fusion-fullwidth fullwidth-box fusion-builder-row-2 nonhundred-percent-fullwidth non-hundred-percent-height-scrolling\" style=\"--awb-border-radius-top-left:0px;--awb-border-radius-top-right:0px;--awb-border-radius-bottom-right:0px;--awb-border-radius-bottom-left:0px;--awb-margin-top:-50px;--awb-flex-wrap:wrap;\" ><div class=\"fusion-builder-row fusion-row\"><div class=\"fusion-layout-column fusion_builder_column fusion-builder-column-1 fusion_builder_column_1_6 1_6 fusion-one-sixth fusion-column-first\" style=\"--awb-bg-size:cover;width:16.666666666667%;width:calc(16.666666666667% - ( ( 4% + 4% ) * 0.16666666666667 ) );margin-right: 4%;\"><div class=\"fusion-column-wrapper fusion-column-has-shadow fusion-flex-column-wrapper-legacy\"><div class=\"fusion-clearfix\"><\/div><\/div><\/div><div class=\"fusion-layout-column fusion_builder_column fusion-builder-column-2 fusion_builder_column_2_3 2_3 fusion-two-third\" style=\"--awb-bg-size:cover;width:66.666666666667%;width:calc(66.666666666667% - ( ( 4% + 4% ) * 0.66666666666667 ) );margin-right: 4%;\"><div class=\"fusion-column-wrapper fusion-column-has-shadow fusion-flex-column-wrapper-legacy\"><div class=\"fusion-text fusion-text-1\"><h6>Mbrojtja e t\u00eb dh\u00ebnave persona\u00adle<\/h6>\n<p>Mbrojtja e privat\u00ebsis\u00eb \u00ebsht\u00eb p\u00ebr ne e nj\u00eb r\u00ebnd\u00eb\u00adsie t\u00eb ve\u00e7an\u00adt\u00eb. P\u00ebr\u00adpuni\u00admi i t\u00eb dh\u00eb\u00adna\u00adve tuaja b\u00eb\u00adhet gjith\u00admo\u00adn\u00eb brenda korni\u00adza\u00adve t\u00eb ligjit p\u00ebr\u00adkat\u00ebs (DSGVO, TKG 2003). Me politi\u00adk\u00ebn ton\u00eb t\u00eb privat\u00eb\u00adsis\u00eb ne d\u00eb\u00adshiro\u00adjme t\u2019ju informo\u00adjm\u00eb mbi disa aspek\u00adte t\u00eb p\u00ebr\u00adpuni\u00admit t\u00eb t\u00eb dh\u00eb\u00adnave q\u00eb grum\u00adbu\u00adllo\u00adhen n\u00ebp\u00ebr\u00admjet faqes son\u00eb elektro\u00adnike.<\/p>\n<h6>Kontaktimi me ne<\/h6>\n<p>N\u00ebse na kontaktoni n\u00ebp\u00ebr\u00admjet formu\u00adla\u00adrit n\u00eb faqen to\u00adn\u00eb elektro\u00adnike ose me email, t\u00eb dh\u00eb\u00adnat tua\u00adja do t\u00eb ru\u00adhen nga ne p\u00ebr nj\u00eb periu\u00addh\u00eb 6 mu\u00adjo\u00adre, me q\u00ebllim traj\u00adti\u00admin e k\u00ebrke\u00ads\u00ebs suaj dhe n\u00eb rast t\u00eb nevoj\u00adsh\u00ebm p\u00ebr t\u00eb d\u00ebr\u00adguar pye\u00adtjet tona. K\u00ebto t\u00eb dh\u00eb\u00adna nuk trans\u00admeto\u00adhen m\u00eb tej pa mira\u00adtimin tuaj.<\/p>\n<h6>Cookies<\/h6>\n<p>N\u00eb faqen ton\u00eb elektro\u00adnike ne p\u00ebr\u00addo\u00adrim t\u00eb ashtu\u00adquajtu\u00adrat \u201ecookies\u201c. Ato paraqe\u00adsin ske\u00addar\u00eb t\u00eb vegj\u00ebl shkro\u00adnjash dhe num\u00adrash, t\u00eb cilat ru\u00adhen me ndih\u00adm\u00ebn e web-shfletuesit n\u00eb kompju\u00adterin tuaj. Cookies nuk shkak\u00adto\u00adjn\u00eb asnj\u00eb d\u00ebm. Ne i vendo\u00adsim p\u00ebr t\u2019a b\u00ebr\u00eb faqen ton\u00eb sa m\u00eb t\u00eb leh\u00adt\u00eb p\u00ebr t\u2019u p\u00ebr\u00addorur. Disa cookies ruhen n\u00eb komjute\u00adrin tuaj, deri sa ju t\u2019i fshini ato. Ato na mund\u00eb\u00adsojn\u00eb t\u00eb njo\u00adhim web-shfletues\u00adin tuaj, kur ju t\u00eb kli\u00adkoni s\u00ebrisht n\u00eb faqen ton\u00eb elektro\u00adnike. N\u00ebse ju nuk e d\u00ebshi\u00adroni nj\u00eb gj\u00eb t\u00eb till\u00eb, at\u00eb\u00adher\u00eb mund ta rregu\u00adlloni web-shfletues\u00adin tuaj n\u00eb m\u00ebny\u00adr\u00eb t\u00eb till\u00eb, q\u00eb t\u2019ju njof\u00adtoj\u00eb sa her\u00eb d\u00ebr\u00adgo\u00adhen cookies dhe ju t\u2019i lejo\u00adni vet\u00ebm me raste t\u00eb ve\u00e7anta. Nj\u00eb \u00e7&#8217;aktivi\u00adzim i cookies do t\u00eb kufi\u00adzonte funksio\u00adnimin e mir\u00eb t\u00eb faqes son\u00eb elektro\u00adnike n\u00eb kompju\u00adterin tuaj.<\/p>\n<p>Faqja jon\u00eb elektronike p\u00ebr\u00addor vet\u00ebm cookies thelb\u00eb\u00adsor\u00eb, pra q\u00eb ja\u00adn\u00eb t\u00eb domos\u00addo\u00adsh\u00ebm p\u00ebr mir\u00eb\u00adfunksio\u00adnimin e faqes son\u00eb. Ne nuk p\u00ebr\u00addorim tracking cookies apo cookies t\u00eb pa\u00adl\u00ebve t\u00eb tre\u00adta, gjitha\u00adshtu nuk p\u00ebr\u00addorim asnj\u00eb cookies p\u00ebr q\u00eb\u00adlli\u00adme reklame.<\/p>\n<h6>T\u00eb dh\u00ebna p\u00ebr vizitor\u00ebt<\/h6>\n<p>Operatori, dmth provideri,\u00a0 i faqes son\u00eb elektro\u00adnike i regji\u00adstron t\u00eb dh\u00eb\u00adnat e vizito\u00adr\u00ebve t\u00eb saj dhe i ruan ato si \u201eskedar\u00eb t\u00eb regji\u00adstrit t\u00eb web-servera\u00adve\u201c. T\u00eb dh\u00ebnat proto\u00adkollo\u00adhen n\u00eb k\u00ebt\u00eb m\u00ebnyr\u00eb: faqja elektro\u00adnike q\u00eb ndiqet, orari i vizit\u00ebs, sasia e t\u00eb dh\u00ebna\u00adve q\u00eb nisen n\u00eb byte, burimi\u00ad\/refe\u00adrimi nga i cili hyni n\u00eb faqen ton\u00eb elektro\u00adnike, lloji i web-shfletues\u00adit q\u00eb p\u00ebr\u00addoret, sis\u00adtemi opera\u00adtiv dhe adresa e IP q\u00eb p\u00ebr\u00addoret. T\u00eb gjitha k\u00ebto informa\u00adcione t\u00eb grumbu\u00adlluara p\u00eb\u00adrdoren vet\u00ebm p\u00ebr vler\u00eb\u00adsime statisti\u00adkore q\u00eb ndihmo\u00adjn\u00eb n\u00eb p\u00ebr\u00admir\u00ebsi\u00admin e funk\u00adsioni\u00admit t\u00eb faqes son\u00eb elektro\u00adnike.<\/p>\n<h6>Kriptimi \u2013 SSL<\/h6>\n<p>Kriptimi \u2013 SSL p\u00ebrdoret p\u00ebr t\u00eb si\u00adguru\u00adar sa m\u00eb mir\u00eb t\u00eb dh\u00eb\u00adnat tuaja t\u00eb trans\u00admetu\u00adara. Ju mund t\u2019i dalloni ato nga pre\u00adfiksi https:\/\/ n\u00eb faqen e linkut t\u00eb adres\u00ebs s\u00eb web-shfletues\u00adit tuaj. Faqet e pa\u00adkriptu\u00adara identi\u00adfiko\u00adhen nga http: \/\/. T\u00eb gjitha t\u00eb dh\u00eb\u00adnat q\u00eb ju trans\u00admeto\u00adni n\u00eb k\u00ebt\u00eb faqe elek\u00adtro\u00adnike &#8211; si pyetje ose fjal\u00eb\u00adkali\u00adme &#8211; nuk mund t\u00eb lexo\u00adhen nga pal\u00ebt e tre\u00adta fal\u00eb kriptimit SSL.<\/p>\n<h6>T\u00eb drejtat tuaja<\/h6>\n<p>Ju g\u00ebzoni parimisht t\u00eb drej\u00adt\u00ebn e informa\u00adcion\u00adit, korri\u00adgji\u00admit, fshirjes, kufi\u00adzimit t\u00eb trans\u00adferi\u00admit t\u00eb t\u00eb dh\u00ebnave, re\u00advoki\u00admit dhe t\u00eb kund\u00ebr\u00adshti\u00admit. N\u00ebse ju mendoni, se p\u00ebr\u00adpuni\u00admi i t\u00eb dh\u00ebna\u00adve tuaja bie ndesh me li\u00adgjin p\u00ebr mbroj\u00adtjen e privat\u00eb\u00adsi\u00ads\u00eb, ose ju pre\u00adtendo\u00adni se n\u00eb ndo\u00adnj\u00eb m\u00eb\u00adnyr\u00eb jan\u00eb shke\u00adlur t\u00eb drejtat e mbroj\u00adtjes s\u00eb privat\u00eb\u00adsis\u00eb, mund t\u00eb anko\u00adheni tek Autori\u00adteti Mbik\u00adqyr\u00ebs. N\u00eb Austri ky \u00ebsht\u00eb Autori\u00adte\u00adti i Mbroj\u00adtjes s\u00eb t\u00eb dh\u00ebnave: : <a href=\"https:\/\/www.dsb.gv.at\/\" target=\"_blank\" rel=\"noopener noreferrer\">https:\/\/www.dsb.gv.at\/<\/a><\/p>\n<h6>Kontakt:<\/h6>\n<p>K\u00ebto jan\u00eb t\u00eb dh\u00ebnat tona t\u00eb kontak\u00adtit: <a href=\"http:\/\/www.albanischuebersetzung.com\/sq\/al-kontakt\/\">kliko<\/a><\/p>\n<h6>Informacion:<\/h6>\n<p>Burimi i t\u00eb dh\u00ebnave p\u00ebr ru\u00adbrikat : \u201eT\u00eb dh\u00ebna p\u00ebr vizi\u00adtor\u00ebt\u201c und \u201eKriptimi-SSL\u201c: <a href=\"https:\/\/www.datenschutz.org\/\" target=\"_blank\" rel=\"noopener noreferrer\">datenschutz.org<\/a><\/p>\n<\/div><div class=\"fusion-clearfix\"><\/div><\/div><\/div><div class=\"fusion-layout-column fusion_builder_column fusion-builder-column-3 fusion_builder_column_1_6 1_6 fusion-one-sixth fusion-column-last\" style=\"--awb-bg-size:cover;width:16.666666666667%;width:calc(16.666666666667% - ( ( 4% + 4% ) * 0.16666666666667 ) );\"><div class=\"fusion-column-wrapper fusion-column-has-shadow fusion-flex-column-wrapper-legacy\"><div class=\"fusion-clearfix\"><\/div><\/div><\/div><\/div><\/div><\/p>\n","protected":false},"excerpt":{"rendered":"","protected":false},"author":1,"featured_media":0,"parent":0,"menu_order":0,"comment_status":"closed","ping_status":"closed","template":"","meta":{"footnotes":""},"class_list":["post-604","page","type-page","status-publish","hentry"],"yoast_head":"<!-- This site is optimized with the Yoast SEO plugin v24.4 - https:\/\/yoast.com\/wordpress\/plugins\/seo\/ -->\n<title>Zyra e P\u00ebrkthimeve SCAMPA (gjermanisht-shqip) n\u00eb Salzburg\/Austri<\/title>\n<meta name=\"description\" content=\"Zyra e P\u00ebrkthimeve SCAMPA: P\u00ebrkthime me kompetenc\u00eb\/p\u00ebrvoj\u00eb n\u00eb gjermanisht dhe shqip, p\u00ebr suksesin e kompanis\u00eb suaj. N\u00eb Austri,Zvic\u00ebr, Gjermani dhe Shqip\u00ebri.\" \/>\n<meta name=\"robots\" content=\"index, follow, max-snippet:-1, max-image-preview:large, max-video-preview:-1\" \/>\n<link rel=\"canonical\" href=\"https:\/\/www.albanischuebersetzung.com\/datenschutzerklaerung\/\" \/>\n<meta property=\"og:locale\" content=\"sq_AL\" \/>\n<meta property=\"og:type\" content=\"article\" \/>\n<meta property=\"og:title\" content=\"Zyra e P\u00ebrkthimeve SCAMPA (gjermanisht-shqip) n\u00eb Salzburg\/Austri\" \/>\n<meta property=\"og:description\" content=\"Zyra e P\u00ebrkthimeve SCAMPA: P\u00ebrkthime me kompetenc\u00eb\/p\u00ebrvoj\u00eb n\u00eb gjermanisht dhe shqip, p\u00ebr suksesin e kompanis\u00eb suaj. N\u00eb Austri,Zvic\u00ebr, Gjermani dhe Shqip\u00ebri.\" \/>\n<meta property=\"og:url\" content=\"https:\/\/www.albanischuebersetzung.com\/datenschutzerklaerung\/\" \/>\n<meta property=\"og:site_name\" content=\"\u00dcbersetzungsb\u00fcro Deutsch \u2013 Albanisch \u2013 Deutsch\" \/>\n<meta property=\"article:modified_time\" content=\"2022-08-18T20:23:25+00:00\" \/>\n<meta name=\"twitter:card\" content=\"summary_large_image\" \/>\n<meta name=\"twitter:label1\" content=\"Est. reading time\" \/>\n\t<meta name=\"twitter:data1\" content=\"9 minutes\" \/>\n<script type=\"application\/ld+json\" class=\"yoast-schema-graph\">{\"@context\":\"https:\/\/schema.org\",\"@graph\":[{\"@type\":\"WebPage\",\"@id\":\"https:\/\/www.albanischuebersetzung.com\/datenschutzerklaerung\/\",\"url\":\"https:\/\/www.albanischuebersetzung.com\/datenschutzerklaerung\/\",\"name\":\"Zyra e P\u00ebrkthimeve SCAMPA (gjermanisht-shqip) n\u00eb Salzburg\/Austri\",\"isPartOf\":{\"@id\":\"https:\/\/www.albanischuebersetzung.com\/#website\"},\"datePublished\":\"2019-08-27T11:46:52+00:00\",\"dateModified\":\"2022-08-18T20:23:25+00:00\",\"description\":\"Zyra e P\u00ebrkthimeve SCAMPA: P\u00ebrkthime me kompetenc\u00eb\/p\u00ebrvoj\u00eb n\u00eb gjermanisht dhe shqip, p\u00ebr suksesin e kompanis\u00eb suaj. N\u00eb Austri,Zvic\u00ebr, Gjermani dhe Shqip\u00ebri.\",\"breadcrumb\":{\"@id\":\"https:\/\/www.albanischuebersetzung.com\/datenschutzerklaerung\/#breadcrumb\"},\"inLanguage\":\"sq-AL\",\"potentialAction\":[{\"@type\":\"ReadAction\",\"target\":[\"https:\/\/www.albanischuebersetzung.com\/datenschutzerklaerung\/\"]}]},{\"@type\":\"BreadcrumbList\",\"@id\":\"https:\/\/www.albanischuebersetzung.com\/datenschutzerklaerung\/#breadcrumb\",\"itemListElement\":[{\"@type\":\"ListItem\",\"position\":1,\"name\":\"Startseite\",\"item\":\"https:\/\/www.albanischuebersetzung.com\/sq\/\"},{\"@type\":\"ListItem\",\"position\":2,\"name\":\"Politikat e Privat\u00ebsis\u00eb\"}]},{\"@type\":\"WebSite\",\"@id\":\"https:\/\/www.albanischuebersetzung.com\/#website\",\"url\":\"https:\/\/www.albanischuebersetzung.com\/\",\"name\":\"\u00dcbersetzungsb\u00fcro Deutsch \u2013 Albanisch \u2013 Deutsch\",\"description\":\"\u00dcbersetzungsb\u00fcro SCAMPA e.U.\",\"potentialAction\":[{\"@type\":\"SearchAction\",\"target\":{\"@type\":\"EntryPoint\",\"urlTemplate\":\"https:\/\/www.albanischuebersetzung.com\/?s={search_term_string}\"},\"query-input\":{\"@type\":\"PropertyValueSpecification\",\"valueRequired\":true,\"valueName\":\"search_term_string\"}}],\"inLanguage\":\"sq-AL\"}]}<\/script>\n<!-- \/ Yoast SEO plugin. -->","yoast_head_json":{"title":"Zyra e P\u00ebrkthimeve SCAMPA (gjermanisht-shqip) n\u00eb Salzburg\/Austri","description":"Zyra e P\u00ebrkthimeve SCAMPA: P\u00ebrkthime me kompetenc\u00eb\/p\u00ebrvoj\u00eb n\u00eb gjermanisht dhe shqip, p\u00ebr suksesin e kompanis\u00eb suaj. N\u00eb Austri,Zvic\u00ebr, Gjermani dhe Shqip\u00ebri.","robots":{"index":"index","follow":"follow","max-snippet":"max-snippet:-1","max-image-preview":"max-image-preview:large","max-video-preview":"max-video-preview:-1"},"canonical":"https:\/\/www.albanischuebersetzung.com\/datenschutzerklaerung\/","og_locale":"sq_AL","og_type":"article","og_title":"Zyra e P\u00ebrkthimeve SCAMPA (gjermanisht-shqip) n\u00eb Salzburg\/Austri","og_description":"Zyra e P\u00ebrkthimeve SCAMPA: P\u00ebrkthime me kompetenc\u00eb\/p\u00ebrvoj\u00eb n\u00eb gjermanisht dhe shqip, p\u00ebr suksesin e kompanis\u00eb suaj. N\u00eb Austri,Zvic\u00ebr, Gjermani dhe Shqip\u00ebri.","og_url":"https:\/\/www.albanischuebersetzung.com\/datenschutzerklaerung\/","og_site_name":"\u00dcbersetzungsb\u00fcro Deutsch \u2013 Albanisch \u2013 Deutsch","article_modified_time":"2022-08-18T20:23:25+00:00","twitter_card":"summary_large_image","twitter_misc":{"Est. reading time":"9 minutes"},"schema":{"@context":"https:\/\/schema.org","@graph":[{"@type":"WebPage","@id":"https:\/\/www.albanischuebersetzung.com\/datenschutzerklaerung\/","url":"https:\/\/www.albanischuebersetzung.com\/datenschutzerklaerung\/","name":"Zyra e P\u00ebrkthimeve SCAMPA (gjermanisht-shqip) n\u00eb Salzburg\/Austri","isPartOf":{"@id":"https:\/\/www.albanischuebersetzung.com\/#website"},"datePublished":"2019-08-27T11:46:52+00:00","dateModified":"2022-08-18T20:23:25+00:00","description":"Zyra e P\u00ebrkthimeve SCAMPA: P\u00ebrkthime me kompetenc\u00eb\/p\u00ebrvoj\u00eb n\u00eb gjermanisht dhe shqip, p\u00ebr suksesin e kompanis\u00eb suaj. N\u00eb Austri,Zvic\u00ebr, Gjermani dhe Shqip\u00ebri.","breadcrumb":{"@id":"https:\/\/www.albanischuebersetzung.com\/datenschutzerklaerung\/#breadcrumb"},"inLanguage":"sq-AL","potentialAction":[{"@type":"ReadAction","target":["https:\/\/www.albanischuebersetzung.com\/datenschutzerklaerung\/"]}]},{"@type":"BreadcrumbList","@id":"https:\/\/www.albanischuebersetzung.com\/datenschutzerklaerung\/#breadcrumb","itemListElement":[{"@type":"ListItem","position":1,"name":"Startseite","item":"https:\/\/www.albanischuebersetzung.com\/sq\/"},{"@type":"ListItem","position":2,"name":"Politikat e Privat\u00ebsis\u00eb"}]},{"@type":"WebSite","@id":"https:\/\/www.albanischuebersetzung.com\/#website","url":"https:\/\/www.albanischuebersetzung.com\/","name":"\u00dcbersetzungsb\u00fcro Deutsch \u2013 Albanisch \u2013 Deutsch","description":"\u00dcbersetzungsb\u00fcro SCAMPA e.U.","potentialAction":[{"@type":"SearchAction","target":{"@type":"EntryPoint","urlTemplate":"https:\/\/www.albanischuebersetzung.com\/?s={search_term_string}"},"query-input":{"@type":"PropertyValueSpecification","valueRequired":true,"valueName":"search_term_string"}}],"inLanguage":"sq-AL"}]}},"_links":{"self":[{"href":"https:\/\/www.albanischuebersetzung.com\/sq\/wp-json\/wp\/v2\/pages\/604","targetHints":{"allow":["GET"]}}],"collection":[{"href":"https:\/\/www.albanischuebersetzung.com\/sq\/wp-json\/wp\/v2\/pages"}],"about":[{"href":"https:\/\/www.albanischuebersetzung.com\/sq\/wp-json\/wp\/v2\/types\/page"}],"author":[{"embeddable":true,"href":"https:\/\/www.albanischuebersetzung.com\/sq\/wp-json\/wp\/v2\/users\/1"}],"replies":[{"embeddable":true,"href":"https:\/\/www.albanischuebersetzung.com\/sq\/wp-json\/wp\/v2\/comments?post=604"}],"version-history":[{"count":2,"href":"https:\/\/www.albanischuebersetzung.com\/sq\/wp-json\/wp\/v2\/pages\/604\/revisions"}],"predecessor-version":[{"id":1136,"href":"https:\/\/www.albanischuebersetzung.com\/sq\/wp-json\/wp\/v2\/pages\/604\/revisions\/1136"}],"wp:attachment":[{"href":"https:\/\/www.albanischuebersetzung.com\/sq\/wp-json\/wp\/v2\/media?parent=604"}],"curies":[{"name":"wp","href":"https:\/\/api.w.org\/{rel}","templated":true}]}}