{"id":606,"date":"2019-08-27T11:49:05","date_gmt":"2019-08-27T11:49:05","guid":{"rendered":"http:\/\/www.albanischuebersetzung.com\/cookies\/"},"modified":"2020-04-10T17:58:19","modified_gmt":"2020-04-10T17:58:19","slug":"al-cookies","status":"publish","type":"page","link":"https:\/\/www.albanischuebersetzung.com\/sq\/al-cookies\/","title":{"rendered":"Cookies"},"content":{"rendered":"<p><div class=\"fusion-fullwidth fullwidth-box fusion-builder-row-1 nonhundred-percent-fullwidth non-hundred-percent-height-scrolling\" style=\"--awb-border-radius-top-left:0px;--awb-border-radius-top-right:0px;--awb-border-radius-bottom-right:0px;--awb-border-radius-bottom-left:0px;--awb-padding-top:30px;--awb-padding-bottom:30px;--awb-flex-wrap:wrap;\" ><div class=\"fusion-builder-row fusion-row\"><div class=\"fusion-layout-column fusion_builder_column fusion-builder-column-0 fusion_builder_column_1_1 1_1 fusion-one-full fusion-column-first fusion-column-last\" style=\"--awb-bg-size:cover;--awb-margin-bottom:0px;\"><div class=\"fusion-column-wrapper fusion-column-has-shadow fusion-flex-column-wrapper-legacy\"><div class=\"fusion-title title fusion-title-1 fusion-sep-none fusion-title-center fusion-title-text fusion-title-size-one\" style=\"--awb-margin-bottom:0px;\"><h1 class=\"fusion-title-heading title-heading-center fusion-responsive-typography-calculated\" style=\"margin:0;--fontSize:50;line-height:1.2;\">Cookies<\/h1><\/div><div class=\"fusion-sep-clear\"><\/div><div class=\"fusion-separator fusion-no-small-visibility\" style=\"margin-left: auto;margin-right: auto;margin-top:20px;margin-bottom:50px;width:100%;max-width:500px;\"><div class=\"fusion-separator-border sep-single sep-solid\" style=\"--awb-height:20px;--awb-amount:20px;--awb-sep-color:#ce1127;border-color:#ce1127;border-top-width:2px;\"><\/div><\/div><div class=\"fusion-sep-clear\"><\/div><div class=\"fusion-clearfix\"><\/div><\/div><\/div><\/div><\/div><div class=\"fusion-fullwidth fullwidth-box fusion-builder-row-2 nonhundred-percent-fullwidth non-hundred-percent-height-scrolling\" style=\"--awb-border-radius-top-left:0px;--awb-border-radius-top-right:0px;--awb-border-radius-bottom-right:0px;--awb-border-radius-bottom-left:0px;--awb-flex-wrap:wrap;\" ><div class=\"fusion-builder-row fusion-row\"><div class=\"fusion-layout-column fusion_builder_column fusion-builder-column-1 fusion_builder_column_1_6 1_6 fusion-one-sixth fusion-column-first\" style=\"--awb-bg-size:cover;width:16.666666666667%;width:calc(16.666666666667% - ( ( 4% + 4% ) * 0.16666666666667 ) );margin-right: 4%;\"><div class=\"fusion-column-wrapper fusion-column-has-shadow fusion-flex-column-wrapper-legacy\"><div class=\"fusion-clearfix\"><\/div><\/div><\/div><div class=\"fusion-layout-column fusion_builder_column fusion-builder-column-2 fusion_builder_column_2_3 2_3 fusion-two-third\" style=\"--awb-bg-size:cover;width:66.666666666667%;width:calc(66.666666666667% - ( ( 4% + 4% ) * 0.66666666666667 ) );margin-right: 4%;\"><div class=\"fusion-column-wrapper fusion-column-has-shadow fusion-flex-column-wrapper-legacy\"><div class=\"fusion-text fusion-text-1\"><p>N\u00eb faqen ton\u00eb elektro\u00adnike ne p\u00ebr\u00addorim t\u00eb ashtu\u00adquajtu\u00adrat \u201ecookies\u201c. Ato para\u00adqesin skedar\u00eb t\u00eb ve\u00adgj\u00ebl shkro\u00adnjash dhe num\u00adrash, t\u00eb cilat ru\u00adhen me ndihm\u00ebn e web-shfletue\u00adsit n\u00eb kompju\u00adterin tuaj. Cookies nuk shkak\u00adtojn\u00eb asnj\u00eb d\u00ebm. Ne i vendo\u00adsim p\u00ebr t\u2019a b\u00ebr\u00eb faqen ton\u00eb elektro\u00adnike ton\u00eb sa m\u00eb t\u00eb leh\u00adt\u00eb p\u00ebr p\u00ebr\u00addorue\u00adsit. Disa cookies ruhen n\u00eb komju\u00adterin tuaj, deri sa ju t\u2019i fshini ato. Ato na mund\u00ebso\u00adjn\u00eb t\u00eb njohim web-shfletues\u00adin tuaj kur ju t\u00eb vizi\u00adtoni s\u00ebrisht faqen ton\u00eb elektronike.<\/p>\n<p>N\u00ebse ju nuk e d\u00ebshi\u00adroni nj\u00eb gj\u00eb t\u00eb tille, at\u00ebher\u00eb mund ta rregulloni web-shfletue\u00adsin tuaj n\u00eb m\u00ebnyr\u00eb t\u00eb till\u00eb, q\u00eb t\u2019ju njoftoj\u00eb sa her\u00eb d\u00ebrgohen cookies dhe ju t\u2019i lejoni vet\u00ebm me raste t\u00eb ve\u00e7anta.<\/p>\n<p>Nj\u00eb \u00e7&#8217;aktivizim i cookies do t\u00eb kufi\u00adzonte funk\u00adsioni\u00admin e mir\u00eb t\u00eb faqes son\u00eb elektro\u00adnike n\u00eb kompju\u00adterin tuaj.<\/p>\n<p>Faqja jon\u00eb elektro\u00adnike p\u00ebrdor vet\u00ebm cookies thelb\u00eb\u00adsor\u00eb, pra q\u00eb jan\u00eb t\u00eb domos\u00addo\u00adsh\u00ebm p\u00ebr mir\u00eb\u00adfunksioni\u00admin e faqes son\u00eb. Ne nuk p\u00ebr\u00addorim tracking cookies apo cookies t\u00eb pa\u00adl\u00ebve t\u00eb tre\u00adta, gjitha\u00adshtu nuk p\u00ebr\u00addorim as cookies p\u00ebr q\u00ebllime reklame.<\/p>\n<\/div><div class=\"fusion-clearfix\"><\/div><\/div><\/div><div class=\"fusion-layout-column fusion_builder_column fusion-builder-column-3 fusion_builder_column_1_6 1_6 fusion-one-sixth fusion-column-last\" style=\"--awb-bg-size:cover;width:16.666666666667%;width:calc(16.666666666667% - ( ( 4% + 4% ) * 0.16666666666667 ) );\"><div class=\"fusion-column-wrapper fusion-column-has-shadow fusion-flex-column-wrapper-legacy\"><div class=\"fusion-clearfix\"><\/div><\/div><\/div><\/div><\/div><\/p>\n","protected":false},"excerpt":{"rendered":"","protected":false},"author":1,"featured_media":0,"parent":0,"menu_order":0,"comment_status":"closed","ping_status":"closed","template":"","meta":{"footnotes":""},"class_list":["post-606","page","type-page","status-publish","hentry"],"yoast_head":"<!-- This site is optimized with the Yoast SEO plugin v24.4 - https:\/\/yoast.com\/wordpress\/plugins\/seo\/ -->\n<title>SCAMPA: P\u00ebrkthime me cil\u00ebsi p\u00ebr t\u00ebr\u00eb rajonin gjermanisht- dhe shqipfol\u00ebs.<\/title>\n<meta name=\"description\" content=\"Zyra e P\u00ebrkthimeve SCAMPA: P\u00ebrkthime nga Salzburgu p\u00ebr n\u00eb Austri, Zvic\u00ebr, Gjermani, Shqip\u00ebri, Kosov\u00eb, Maqedoni e Veriut dhe rajone t\u00eb tjera shqiptare.\" \/>\n<meta name=\"robots\" content=\"index, follow, max-snippet:-1, max-image-preview:large, max-video-preview:-1\" \/>\n<link rel=\"canonical\" href=\"https:\/\/www.albanischuebersetzung.com\/cookies\/\" \/>\n<meta property=\"og:locale\" content=\"sq_AL\" \/>\n<meta property=\"og:type\" content=\"article\" \/>\n<meta property=\"og:title\" content=\"SCAMPA: P\u00ebrkthime me cil\u00ebsi p\u00ebr t\u00ebr\u00eb rajonin gjermanisht- dhe shqipfol\u00ebs.\" \/>\n<meta property=\"og:description\" content=\"Zyra e P\u00ebrkthimeve SCAMPA: P\u00ebrkthime nga Salzburgu p\u00ebr n\u00eb Austri, Zvic\u00ebr, Gjermani, Shqip\u00ebri, Kosov\u00eb, Maqedoni e Veriut dhe rajone t\u00eb tjera shqiptare.\" \/>\n<meta property=\"og:url\" content=\"https:\/\/www.albanischuebersetzung.com\/cookies\/\" \/>\n<meta property=\"og:site_name\" content=\"\u00dcbersetzungsb\u00fcro Deutsch \u2013 Albanisch \u2013 Deutsch\" \/>\n<meta property=\"article:modified_time\" content=\"2020-04-10T17:58:19+00:00\" \/>\n<meta name=\"twitter:card\" content=\"summary_large_image\" \/>\n<meta name=\"twitter:label1\" content=\"Est. reading time\" \/>\n\t<meta name=\"twitter:data1\" content=\"6 minutes\" \/>\n<script type=\"application\/ld+json\" class=\"yoast-schema-graph\">{\"@context\":\"https:\/\/schema.org\",\"@graph\":[{\"@type\":\"WebPage\",\"@id\":\"https:\/\/www.albanischuebersetzung.com\/cookies\/\",\"url\":\"https:\/\/www.albanischuebersetzung.com\/cookies\/\",\"name\":\"SCAMPA: P\u00ebrkthime me cil\u00ebsi p\u00ebr t\u00ebr\u00eb rajonin gjermanisht- dhe shqipfol\u00ebs.\",\"isPartOf\":{\"@id\":\"https:\/\/www.albanischuebersetzung.com\/#website\"},\"datePublished\":\"2019-08-27T11:49:05+00:00\",\"dateModified\":\"2020-04-10T17:58:19+00:00\",\"description\":\"Zyra e P\u00ebrkthimeve SCAMPA: P\u00ebrkthime nga Salzburgu p\u00ebr n\u00eb Austri, Zvic\u00ebr, Gjermani, Shqip\u00ebri, Kosov\u00eb, Maqedoni e Veriut dhe rajone t\u00eb tjera shqiptare.\",\"breadcrumb\":{\"@id\":\"https:\/\/www.albanischuebersetzung.com\/cookies\/#breadcrumb\"},\"inLanguage\":\"sq-AL\",\"potentialAction\":[{\"@type\":\"ReadAction\",\"target\":[\"https:\/\/www.albanischuebersetzung.com\/cookies\/\"]}]},{\"@type\":\"BreadcrumbList\",\"@id\":\"https:\/\/www.albanischuebersetzung.com\/cookies\/#breadcrumb\",\"itemListElement\":[{\"@type\":\"ListItem\",\"position\":1,\"name\":\"Startseite\",\"item\":\"https:\/\/www.albanischuebersetzung.com\/sq\/\"},{\"@type\":\"ListItem\",\"position\":2,\"name\":\"Cookies\"}]},{\"@type\":\"WebSite\",\"@id\":\"https:\/\/www.albanischuebersetzung.com\/#website\",\"url\":\"https:\/\/www.albanischuebersetzung.com\/\",\"name\":\"\u00dcbersetzungsb\u00fcro Deutsch \u2013 Albanisch \u2013 Deutsch\",\"description\":\"\u00dcbersetzungsb\u00fcro SCAMPA e.U.\",\"potentialAction\":[{\"@type\":\"SearchAction\",\"target\":{\"@type\":\"EntryPoint\",\"urlTemplate\":\"https:\/\/www.albanischuebersetzung.com\/?s={search_term_string}\"},\"query-input\":{\"@type\":\"PropertyValueSpecification\",\"valueRequired\":true,\"valueName\":\"search_term_string\"}}],\"inLanguage\":\"sq-AL\"}]}<\/script>\n<!-- \/ Yoast SEO plugin. -->","yoast_head_json":{"title":"SCAMPA: P\u00ebrkthime me cil\u00ebsi p\u00ebr t\u00ebr\u00eb rajonin gjermanisht- dhe shqipfol\u00ebs.","description":"Zyra e P\u00ebrkthimeve SCAMPA: P\u00ebrkthime nga Salzburgu p\u00ebr n\u00eb Austri, Zvic\u00ebr, Gjermani, Shqip\u00ebri, Kosov\u00eb, Maqedoni e Veriut dhe rajone t\u00eb tjera shqiptare.","robots":{"index":"index","follow":"follow","max-snippet":"max-snippet:-1","max-image-preview":"max-image-preview:large","max-video-preview":"max-video-preview:-1"},"canonical":"https:\/\/www.albanischuebersetzung.com\/cookies\/","og_locale":"sq_AL","og_type":"article","og_title":"SCAMPA: P\u00ebrkthime me cil\u00ebsi p\u00ebr t\u00ebr\u00eb rajonin gjermanisht- dhe shqipfol\u00ebs.","og_description":"Zyra e P\u00ebrkthimeve SCAMPA: P\u00ebrkthime nga Salzburgu p\u00ebr n\u00eb Austri, Zvic\u00ebr, Gjermani, Shqip\u00ebri, Kosov\u00eb, Maqedoni e Veriut dhe rajone t\u00eb tjera shqiptare.","og_url":"https:\/\/www.albanischuebersetzung.com\/cookies\/","og_site_name":"\u00dcbersetzungsb\u00fcro Deutsch \u2013 Albanisch \u2013 Deutsch","article_modified_time":"2020-04-10T17:58:19+00:00","twitter_card":"summary_large_image","twitter_misc":{"Est. reading time":"6 minutes"},"schema":{"@context":"https:\/\/schema.org","@graph":[{"@type":"WebPage","@id":"https:\/\/www.albanischuebersetzung.com\/cookies\/","url":"https:\/\/www.albanischuebersetzung.com\/cookies\/","name":"SCAMPA: P\u00ebrkthime me cil\u00ebsi p\u00ebr t\u00ebr\u00eb rajonin gjermanisht- dhe shqipfol\u00ebs.","isPartOf":{"@id":"https:\/\/www.albanischuebersetzung.com\/#website"},"datePublished":"2019-08-27T11:49:05+00:00","dateModified":"2020-04-10T17:58:19+00:00","description":"Zyra e P\u00ebrkthimeve SCAMPA: P\u00ebrkthime nga Salzburgu p\u00ebr n\u00eb Austri, Zvic\u00ebr, Gjermani, Shqip\u00ebri, Kosov\u00eb, Maqedoni e Veriut dhe rajone t\u00eb tjera shqiptare.","breadcrumb":{"@id":"https:\/\/www.albanischuebersetzung.com\/cookies\/#breadcrumb"},"inLanguage":"sq-AL","potentialAction":[{"@type":"ReadAction","target":["https:\/\/www.albanischuebersetzung.com\/cookies\/"]}]},{"@type":"BreadcrumbList","@id":"https:\/\/www.albanischuebersetzung.com\/cookies\/#breadcrumb","itemListElement":[{"@type":"ListItem","position":1,"name":"Startseite","item":"https:\/\/www.albanischuebersetzung.com\/sq\/"},{"@type":"ListItem","position":2,"name":"Cookies"}]},{"@type":"WebSite","@id":"https:\/\/www.albanischuebersetzung.com\/#website","url":"https:\/\/www.albanischuebersetzung.com\/","name":"\u00dcbersetzungsb\u00fcro Deutsch \u2013 Albanisch \u2013 Deutsch","description":"\u00dcbersetzungsb\u00fcro SCAMPA e.U.","potentialAction":[{"@type":"SearchAction","target":{"@type":"EntryPoint","urlTemplate":"https:\/\/www.albanischuebersetzung.com\/?s={search_term_string}"},"query-input":{"@type":"PropertyValueSpecification","valueRequired":true,"valueName":"search_term_string"}}],"inLanguage":"sq-AL"}]}},"_links":{"self":[{"href":"https:\/\/www.albanischuebersetzung.com\/sq\/wp-json\/wp\/v2\/pages\/606","targetHints":{"allow":["GET"]}}],"collection":[{"href":"https:\/\/www.albanischuebersetzung.com\/sq\/wp-json\/wp\/v2\/pages"}],"about":[{"href":"https:\/\/www.albanischuebersetzung.com\/sq\/wp-json\/wp\/v2\/types\/page"}],"author":[{"embeddable":true,"href":"https:\/\/www.albanischuebersetzung.com\/sq\/wp-json\/wp\/v2\/users\/1"}],"replies":[{"embeddable":true,"href":"https:\/\/www.albanischuebersetzung.com\/sq\/wp-json\/wp\/v2\/comments?post=606"}],"version-history":[{"count":1,"href":"https:\/\/www.albanischuebersetzung.com\/sq\/wp-json\/wp\/v2\/pages\/606\/revisions"}],"predecessor-version":[{"id":1103,"href":"https:\/\/www.albanischuebersetzung.com\/sq\/wp-json\/wp\/v2\/pages\/606\/revisions\/1103"}],"wp:attachment":[{"href":"https:\/\/www.albanischuebersetzung.com\/sq\/wp-json\/wp\/v2\/media?parent=606"}],"curies":[{"name":"wp","href":"https:\/\/api.w.org\/{rel}","templated":true}]}}